{"id":9,"date":"2022-04-07T18:21:05","date_gmt":"2022-04-07T16:21:05","guid":{"rendered":"http:\/\/www.christinahoerning.dk\/?page_id=9"},"modified":"2026-02-11T19:25:05","modified_gmt":"2026-02-11T18:25:05","slug":"psykologisk-praksis","status":"publish","type":"page","link":"https:\/\/www.christinahoerning.dk\/","title":{"rendered":"Velkommen"},"content":{"rendered":"\n<p class=\"has-text-align-center\"><\/p>\n\n\n\n<div class=\"wp-block-group alignfull is-layout-constrained wp-container-core-group-is-layout-eb524166 wp-block-group-is-layout-constrained\" style=\"padding-top:var(--wp--preset--spacing--40);padding-right:var(--wp--preset--spacing--30);padding-bottom:var(--wp--preset--spacing--40);padding-left:var(--wp--preset--spacing--30)\">\n<div class=\"wp-block-group alignwide is-vertical is-content-justification-center is-layout-flex wp-container-core-group-is-layout-734eb2c2 wp-block-group-is-layout-flex\"><div class=\"is-default-size wp-block-site-logo\"><a href=\"https:\/\/www.christinahoerning.dk\/\" class=\"custom-logo-link\" rel=\"home\"><img loading=\"lazy\" decoding=\"async\" width=\"1039\" height=\"1062\" src=\"https:\/\/www.christinahoerning.dk\/wp-content\/uploads\/2022\/03\/visitkort_chris_ny_3..jpg\" class=\"custom-logo\" alt=\"Psykolog Christina H\u00f8rning\" srcset=\"https:\/\/www.christinahoerning.dk\/wp-content\/uploads\/2022\/03\/visitkort_chris_ny_3..jpg 1039w, https:\/\/www.christinahoerning.dk\/wp-content\/uploads\/2022\/03\/visitkort_chris_ny_3.-294x300.jpg 294w, https:\/\/www.christinahoerning.dk\/wp-content\/uploads\/2022\/03\/visitkort_chris_ny_3.-1002x1024.jpg 1002w, https:\/\/www.christinahoerning.dk\/wp-content\/uploads\/2022\/03\/visitkort_chris_ny_3.-768x785.jpg 768w\" sizes=\"auto, (max-width: 1039px) 100vw, 1039px\" \/><\/a><\/div>\n\n<h1 style=\"font-style:normal;font-weight:100;\" class=\"has-link-color wp-elements-4e2dc0dd1a749c5ba785cfcf90ae041b wp-block-site-title has-text-color has-contrast-color has-medium-font-size\"><a href=\"https:\/\/www.christinahoerning.dk\" target=\"_self\" rel=\"home\">Psykolog Christina H\u00f8rning<\/a><\/h1>\n\n\n<div class=\"wp-block-group alignfull is-layout-constrained wp-block-group-is-layout-constrained\">\n<div class=\"wp-block-group alignwide is-content-justification-space-between is-layout-flex wp-container-core-group-is-layout-901ef6e1 wp-block-group-is-layout-flex\" style=\"padding-top:var(--wp--custom--spacing--small, 1.25rem);padding-bottom:var(--wp--custom--spacing--large, 8rem)\">\n<div class=\"wp-block-group is-layout-flex wp-block-group-is-layout-flex\"><div class=\"wp-block-site-logo\"><a href=\"https:\/\/www.christinahoerning.dk\/\" class=\"custom-logo-link\" rel=\"home\"><img loading=\"lazy\" decoding=\"async\" width=\"64\" height=\"65\" src=\"https:\/\/www.christinahoerning.dk\/wp-content\/uploads\/2022\/03\/visitkort_chris_ny_3..jpg\" class=\"custom-logo\" alt=\"Psykolog Christina H\u00f8rning\" srcset=\"https:\/\/www.christinahoerning.dk\/wp-content\/uploads\/2022\/03\/visitkort_chris_ny_3..jpg 1039w, https:\/\/www.christinahoerning.dk\/wp-content\/uploads\/2022\/03\/visitkort_chris_ny_3.-294x300.jpg 294w, https:\/\/www.christinahoerning.dk\/wp-content\/uploads\/2022\/03\/visitkort_chris_ny_3.-1002x1024.jpg 1002w, https:\/\/www.christinahoerning.dk\/wp-content\/uploads\/2022\/03\/visitkort_chris_ny_3.-150x150.jpg 150w, https:\/\/www.christinahoerning.dk\/wp-content\/uploads\/2022\/03\/visitkort_chris_ny_3.-768x785.jpg 768w\" sizes=\"auto, (max-width: 64px) 100vw, 64px\" \/><\/a><\/div>\n\n<h1 style=\"font-style:normal;font-weight:300;\" class=\"wp-block-site-title has-medium-font-size\"><a href=\"https:\/\/www.christinahoerning.dk\" target=\"_self\" rel=\"home\">Psykolog Christina H\u00f8rning<\/a><\/h1><\/div>\n\n\n<nav class=\"is-responsive items-justified-right wp-block-navigation is-content-justification-right is-layout-flex wp-container-core-navigation-is-layout-f665d2b5 wp-block-navigation-is-layout-flex\" \n\t\t data-wp-interactive=\"core\/navigation\" data-wp-context='{\"overlayOpenedBy\":{\"click\":false,\"hover\":false,\"focus\":false},\"type\":\"overlay\",\"roleAttribute\":\"\",\"ariaLabel\":\"Menu\"}'><button aria-haspopup=\"dialog\" aria-label=\"\u00c5bn menu\" class=\"wp-block-navigation__responsive-container-open\" \n\t\t\t\tdata-wp-on--click=\"actions.openMenuOnClick\"\n\t\t\t\tdata-wp-on--keydown=\"actions.handleMenuKeydown\"\n\t\t\t><svg width=\"24\" height=\"24\" xmlns=\"http:\/\/www.w3.org\/2000\/svg\" viewBox=\"0 0 24 24\" aria-hidden=\"true\" focusable=\"false\"><path d=\"M4 7.5h16v1.5H4z\"><\/path><path d=\"M4 15h16v1.5H4z\"><\/path><\/svg><\/button>\n\t\t\t\t<div class=\"wp-block-navigation__responsive-container\"  id=\"modal-1\" \n\t\t\t\tdata-wp-class--has-modal-open=\"state.isMenuOpen\"\n\t\t\t\tdata-wp-class--is-menu-open=\"state.isMenuOpen\"\n\t\t\t\tdata-wp-watch=\"callbacks.initMenu\"\n\t\t\t\tdata-wp-on--keydown=\"actions.handleMenuKeydown\"\n\t\t\t\tdata-wp-on--focusout=\"actions.handleMenuFocusout\"\n\t\t\t\ttabindex=\"-1\"\n\t\t\t>\n\t\t\t\t\t<div class=\"wp-block-navigation__responsive-close\" tabindex=\"-1\">\n\t\t\t\t\t\t<div class=\"wp-block-navigation__responsive-dialog\" \n\t\t\t\tdata-wp-bind--aria-modal=\"state.ariaModal\"\n\t\t\t\tdata-wp-bind--aria-label=\"state.ariaLabel\"\n\t\t\t\tdata-wp-bind--role=\"state.roleAttribute\"\n\t\t\t>\n\t\t\t\t\t\t\t<button aria-label=\"Luk menu\" class=\"wp-block-navigation__responsive-container-close\" \n\t\t\t\tdata-wp-on--click=\"actions.closeMenuOnClick\"\n\t\t\t><svg xmlns=\"http:\/\/www.w3.org\/2000\/svg\" viewBox=\"0 0 24 24\" width=\"24\" height=\"24\" aria-hidden=\"true\" focusable=\"false\"><path d=\"m13.06 12 6.47-6.47-1.06-1.06L12 10.94 5.53 4.47 4.47 5.53 10.94 12l-6.47 6.47 1.06 1.06L12 13.06l6.47 6.47 1.06-1.06L13.06 12Z\"><\/path><\/svg><\/button>\n\t\t\t\t\t\t\t<div class=\"wp-block-navigation__responsive-container-content\" \n\t\t\t\tdata-wp-watch=\"callbacks.focusFirstElement\"\n\t\t\t id=\"modal-1-content\">\n\t\t\t\t\t\t\t\t<ul class=\"wp-block-navigation__container is-responsive items-justified-right wp-block-navigation\"><ul class=\"wp-block-page-list\"><li data-wp-context=\"{ &quot;submenuOpenedBy&quot;: { &quot;click&quot;: false, &quot;hover&quot;: false, &quot;focus&quot;: false }, &quot;type&quot;: &quot;submenu&quot;, &quot;modal&quot;: null, &quot;previousFocus&quot;: null }\" data-wp-interactive=\"core\/navigation\" data-wp-on--focusout=\"actions.handleMenuFocusout\" data-wp-on--keydown=\"actions.handleMenuKeydown\" data-wp-on--mouseenter=\"actions.openMenuOnHover\" data-wp-on--mouseleave=\"actions.closeMenuOnHover\" data-wp-watch=\"callbacks.initMenu\" tabindex=\"-1\" class=\"wp-block-pages-list__item has-child wp-block-navigation-item open-on-hover-click menu-item-home\"><a class=\"wp-block-pages-list__item__link wp-block-navigation-item__content\" href=\"https:\/\/www.christinahoerning.dk\/\">Velkommen<\/a><button data-wp-bind--aria-expanded=\"state.isMenuOpen\" data-wp-on--click=\"actions.toggleMenuOnClick\" aria-label=\"Velkommen undermenu\" class=\"wp-block-navigation__submenu-icon wp-block-navigation-submenu__toggle\" ><svg xmlns=\"http:\/\/www.w3.org\/2000\/svg\" width=\"12\" height=\"12\" viewBox=\"0 0 12 12\" fill=\"none\" aria-hidden=\"true\" focusable=\"false\"><path d=\"M1.50002 4L6.00002 8L10.5 4\" stroke-width=\"1.5\"><\/path><\/svg><\/button><ul data-wp-on--focus=\"actions.openMenuOnFocus\" class=\"wp-block-navigation__submenu-container\"><li class=\"wp-block-pages-list__item wp-block-navigation-item open-on-hover-click \"><a class=\"wp-block-pages-list__item__link wp-block-navigation-item__content\" href=\"https:\/\/www.christinahoerning.dk\/index.php\/psykologisk-praksis\/velkommen\/\">&#8211; velkommen &#8211;<\/a><\/li><\/ul><\/li><li class=\"wp-block-pages-list__item wp-block-navigation-item open-on-hover-click\"><a class=\"wp-block-pages-list__item__link wp-block-navigation-item__content\" href=\"https:\/\/www.christinahoerning.dk\/index.php\/terapi\/\">Terapi<\/a><\/li><li class=\"wp-block-pages-list__item wp-block-navigation-item open-on-hover-click\"><a class=\"wp-block-pages-list__item__link wp-block-navigation-item__content\" href=\"https:\/\/www.christinahoerning.dk\/index.php\/om-mig\/\">Om<\/a><\/li><li class=\"wp-block-pages-list__item wp-block-navigation-item open-on-hover-click\"><a class=\"wp-block-pages-list__item__link wp-block-navigation-item__content\" href=\"https:\/\/www.christinahoerning.dk\/index.php\/priser\/\">Priser<\/a><\/li><li class=\"wp-block-pages-list__item wp-block-navigation-item open-on-hover-click\"><a class=\"wp-block-pages-list__item__link wp-block-navigation-item__content\" href=\"https:\/\/www.christinahoerning.dk\/index.php\/kontakt\/\">Kontakt<\/a><\/li><li class=\"wp-block-pages-list__item wp-block-navigation-item open-on-hover-click\"><a class=\"wp-block-pages-list__item__link wp-block-navigation-item__content\" href=\"https:\/\/www.christinahoerning.dk\/index.php\/privatlivspolitik\/\">Privatlivspolitik<\/a><\/li><\/ul><\/ul>\n\t\t\t\t\t\t\t<\/div>\n\t\t\t\t\t\t<\/div>\n\t\t\t\t\t<\/div>\n\t\t\t\t<\/div><\/nav><\/div>\n<\/div>\n<\/div>\n<\/div>\n\n\n\n<div style=\"height:0px\" aria-hidden=\"true\" class=\"wp-block-spacer\"><\/div>\n\n\n\n<figure class=\"wp-block-image alignright size-thumbnail is-resized\"><img loading=\"lazy\" decoding=\"async\" width=\"150\" height=\"150\" src=\"http:\/\/www.christinahoerning.dk\/wp-content\/uploads\/2023\/03\/IMG_0671-edited-150x150.jpg\" alt=\"\" class=\"wp-image-337\" style=\"width:122px;height:auto\"\/><\/figure>\n\n\n\n<hr class=\"wp-block-separator has-css-opacity is-style-default\"\/>\n\n\n\n<p><\/p>\n\n\n\n<p class=\"has-medium-font-size\">                                                                                                               Christina H\u00f8rning<\/p>\n\n\n\n<p class=\"has-primary-color has-text-color has-link-color has-small-font-size wp-elements-591a71eeaaca717bf76d426887ff671f\" style=\"font-style:normal;font-weight:300\">                                                                                                   Cand. psych., autoriseret psykolog<\/p>\n\n\n\n<p class=\"has-primary-color has-text-color has-link-color has-small-font-size wp-elements-96e07cb26aa1ad18d5541cff0f94ba27\" style=\"font-style:normal;font-weight:300\">                                                                                                  Medlem af Dansk Psykologforening<\/p>\n\n\n\n<div style=\"height:16px\" aria-hidden=\"true\" class=\"wp-block-spacer\"><\/div>\n\n\n\n<h4 class=\"wp-block-heading\">Velkommen<\/h4>\n\n\n\n<p class=\"has-medium-font-size\" style=\"font-style:normal;font-weight:300\">Jeg tilbyder samtaleterapi til voksne. Jeg har mange\u00e5rig erfaring med at arbejde med en r\u00e6kke forskellige konkrete problemstillinger &#8211; se nedenfor &#8211; ligesom jeg har en generel faglig interesse for og terapeutisk erfaring med personligt udviklingsarbejde og hj\u00e6lp til mestring af livsvilk\u00e5r.<\/p>\n\n\n\n<div style=\"height:0px\" aria-hidden=\"true\" class=\"wp-block-spacer\"><\/div>\n\n\n\n<div style=\"height:15px\" aria-hidden=\"true\" class=\"wp-block-spacer\"><\/div>\n\n\n\n<p class=\"has-primary-color has-text-color has-link-color has-medium-font-size wp-elements-d4f32cda89653dd8db68bbcf41e22b33\" style=\"font-style:normal;font-weight:300\">Et terapeutisk arbejde vil for eksempel kunne tage udgangspunkt i en eller flere af nedenst\u00e5ende problematikker:  <\/p>\n\n\n\n<p><\/p>\n\n\n\n<div class=\"wp-block-group is-layout-flow wp-container-core-group-is-layout-fb448734 wp-block-group-is-layout-flow\">\n<div class=\"wp-block-group is-layout-flow wp-block-group-is-layout-flow\">\n<ul style=\"font-style:normal;font-weight:400\" class=\"wp-block-list has-primary-color has-text-color has-link-color has-medium-font-size wp-elements-52de553be71523d8725c7999f24fe236\">\n<li>livskriser<\/li>\n\n\n\n<li>stress<\/li>\n\n\n\n<li>udbr\u00e6ndthed<\/li>\n\n\n\n<li>depression<\/li>\n\n\n\n<li>angst<\/li>\n\n\n\n<li style=\"font-style:normal;font-weight:400\">selvusikkerhed<\/li>\n\n\n\n<li>lavt selvv\u00e6rd<\/li>\n\n\n\n<li>spiseforstyrrelser<\/li>\n<\/ul>\n<\/div>\n\n\n\n<ul style=\"font-style:normal;font-weight:400\" class=\"wp-block-list has-primary-color has-text-color has-link-color has-medium-font-size wp-elements-c7ded7da1bdfccacd702ebc6c72177c8\">\n<li>perfektionisme<\/li>\n<\/ul>\n\n\n\n<ul class=\"wp-block-list has-primary-color has-text-color has-link-color has-medium-font-size wp-elements-7449d3211f559bbb1edaeda7288a5c68\">\n<li>tab og sorg<\/li>\n\n\n\n<li>ADHD\/ADD<\/li>\n<\/ul>\n<\/div>\n\n\n\n<div style=\"height:30px\" aria-hidden=\"true\" class=\"wp-block-spacer\"><\/div>\n\n\n\n<div class=\"wp-block-group is-layout-flow wp-block-group-is-layout-flow\">\n<p class=\"has-background-color has-cyan-bluish-gray-background-color has-text-color has-background has-small-font-size\" style=\"font-style:normal;font-weight:400\"><em>Nogle gange oplever vi, at vi ikke kan g\u00f8re det, som vi egentlig godt ved er bedst for os, uanset hvor meget vi fors\u00f8ger.<\/em><\/p>\n\n\n\n<p class=\"has-tertiary-color has-cyan-bluish-gray-background-color has-text-color has-background has-small-font-size\" style=\"font-style:normal;font-weight:400\"><em>Nogle gange kan vi opleve, at en bestemt f\u00f8lelse eller en m\u00e5de at have det p\u00e5 \u2013 at v\u00e6re trist, opgivende, frustreret, at have ondt eller sv\u00e6rt ved at overskue tingene eller finde mening med dem \u2013 bliver ved med at overskygge alt andet, og g\u00f8r det sv\u00e6rt at gl\u00e6des ved noget eller at finde overskud til at pr\u00f8ve at g\u00f8re noget anderledes.<\/em> <\/p>\n\n\n\n<p class=\"has-tertiary-color has-cyan-bluish-gray-background-color has-text-color has-background has-small-font-size\" style=\"font-style:normal;font-weight:400\"><em>Nogle gange bliver vi pludselig ramt af noget, der f\u00e5r os til at miste fodf\u00e6ste i tilv\u00e6relsen og som g\u00f8r det sv\u00e6rt b\u00e5de at v\u00e6re i eller komme videre fra.<\/em><\/p>\n\n\n\n<div class=\"wp-block-group is-layout-flow wp-block-group-is-layout-flow\">\n<p class=\"has-background-color has-cyan-bluish-gray-background-color has-text-color has-background has-small-font-size\" style=\"font-style:normal;font-weight:400\"><em>Og nogle gange f\u00e5r vi selv brudt vores uhensigtsm\u00e6ssige m\u00f8nstre og finder hen til det, vi gerne vil n\u00e5. Eller vi erfarer, at de f\u00f8lelser, der for en tid fyldte det hele, m\u00e5ske hang sammen med et konkret problem, som siden blev l\u00f8st. Eller vi kommer med tiden igen p\u00e5 mere sikker grund efter de rystelser, som vi alle kommer ud for i livet.&nbsp;<\/em><\/p>\n<\/div>\n\n\n\n<p class=\"has-tertiary-color has-cyan-bluish-gray-background-color has-text-color has-background has-link-color has-small-font-size wp-elements-100078d155cef16706d9577a438e07b6\" style=\"font-style:normal;font-weight:400\"><em>Andre gange kan <a href=\"http:\/\/www.christinahoerning.dk\/index.php\/terapi\/\" data-type=\"page\" data-id=\"64\">terapi<\/a> v\u00e6re en m\u00e5de at f\u00e5 hj\u00e6lp til at skabe den forandring, som man har brug for, for at f\u00e5 det bedre.<\/em><\/p>\n<\/div>\n\n\n\n<p><\/p>\n\n\n\n<div style=\"height:20px\" aria-hidden=\"true\" class=\"wp-block-spacer\"><\/div>\n\n\n\n<p class=\"has-primary-color has-text-color has-link-color has-medium-font-size wp-elements-e658c5c12c4323a5db1564a0d043db93\" style=\"font-style:normal;font-weight:300\">Du er meget velkommen til at kontakte mig for at h\u00f8re n\u00e6rmere.<\/p>\n\n\n\n<p class=\"has-primary-color has-text-color has-link-color wp-elements-565eb41540c5fd13cf823ca472befad5\" style=\"font-style:normal;font-weight:300\"><br>Du kan ringe p\u00e5 telefon 50 92 40 20. Hvis du ikke tr\u00e6ffer mig, vil jeg ringe dig op snarest muligt. <\/p>\n\n\n\n<p class=\"has-primary-color has-text-color has-link-color wp-elements-fa4130c4c19a91e24448bd7cad5bd54b\" style=\"font-style:normal;font-weight:300\">Eller send en mail til <a href=\"mailto:kontakt@christinahoerning.dk\">kontakt@christinahoerning.dk<\/a>  hvis du \u00f8nsker, at jeg ringer dig op. Send ikke personf\u00f8lsomme oplysninger per mail af hensyn til din digitale sikkerhed.<\/p>\n\n\n\n<p class=\"has-primary-color has-text-color has-link-color wp-elements-d6799f7969096ffd25a75fcca884556e\" style=\"font-style:normal;font-weight:300\">Min praksis har ikke overenskomst med sygesikringen.<\/p>\n\n\n\n<p class=\"has-primary-color has-text-color has-link-color wp-elements-16e65aa6cdff3bf9cab596bfc020b18e\" style=\"font-style:normal;font-weight:300\">CVR 42985651<\/p>\n\n\n\n<div style=\"height:2px\" aria-hidden=\"true\" class=\"wp-block-spacer\"><\/div>\n\n\n\n<figure class=\"wp-block-image alignright size-full is-resized\"><img loading=\"lazy\" decoding=\"async\" width=\"119\" height=\"40\" src=\"http:\/\/www.christinahoerning.dk\/wp-content\/uploads\/2022\/03\/dp-logo.jpg\" alt=\"\" class=\"wp-image-12\"\/><\/figure>\n\n\n\n<div class=\"wp-block-group is-layout-flow wp-block-group-is-layout-flow\">\n<p class=\"has-text-align-center has-tertiary-background-color has-background has-medium-font-size\" style=\"font-style:normal;font-weight:300\">Medlem af Dansk Psykolog Forening <\/p>\n\n\n\n<div style=\"height:70px\" aria-hidden=\"true\" class=\"wp-block-spacer\"><\/div>\n\n\n\n<p><\/p>\n<\/div>\n\n\n\n<div class=\"wp-block-group alignfull is-layout-constrained wp-block-group-is-layout-constrained\">\n<div class=\"wp-block-group alignwide is-layout-flow wp-block-group-is-layout-flow\" style=\"padding-top:4rem;padding-bottom:4rem\"><nav class=\"is-responsive items-justified-center wp-block-navigation is-content-justification-center is-layout-flex wp-container-core-navigation-is-layout-64ede673 wp-block-navigation-is-layout-flex\" \n\t\t data-wp-interactive=\"core\/navigation\" data-wp-context='{\"overlayOpenedBy\":{\"click\":false,\"hover\":false,\"focus\":false},\"type\":\"overlay\",\"roleAttribute\":\"\",\"ariaLabel\":\"Menu\"}'><button aria-haspopup=\"dialog\" aria-label=\"\u00c5bn menu\" class=\"wp-block-navigation__responsive-container-open\" \n\t\t\t\tdata-wp-on--click=\"actions.openMenuOnClick\"\n\t\t\t\tdata-wp-on--keydown=\"actions.handleMenuKeydown\"\n\t\t\t><svg width=\"24\" height=\"24\" xmlns=\"http:\/\/www.w3.org\/2000\/svg\" viewBox=\"0 0 24 24\" aria-hidden=\"true\" focusable=\"false\"><path d=\"M4 7.5h16v1.5H4z\"><\/path><path d=\"M4 15h16v1.5H4z\"><\/path><\/svg><\/button>\n\t\t\t\t<div class=\"wp-block-navigation__responsive-container\"  id=\"modal-2\" \n\t\t\t\tdata-wp-class--has-modal-open=\"state.isMenuOpen\"\n\t\t\t\tdata-wp-class--is-menu-open=\"state.isMenuOpen\"\n\t\t\t\tdata-wp-watch=\"callbacks.initMenu\"\n\t\t\t\tdata-wp-on--keydown=\"actions.handleMenuKeydown\"\n\t\t\t\tdata-wp-on--focusout=\"actions.handleMenuFocusout\"\n\t\t\t\ttabindex=\"-1\"\n\t\t\t>\n\t\t\t\t\t<div class=\"wp-block-navigation__responsive-close\" tabindex=\"-1\">\n\t\t\t\t\t\t<div class=\"wp-block-navigation__responsive-dialog\" \n\t\t\t\tdata-wp-bind--aria-modal=\"state.ariaModal\"\n\t\t\t\tdata-wp-bind--aria-label=\"state.ariaLabel\"\n\t\t\t\tdata-wp-bind--role=\"state.roleAttribute\"\n\t\t\t>\n\t\t\t\t\t\t\t<button aria-label=\"Luk menu\" class=\"wp-block-navigation__responsive-container-close\" \n\t\t\t\tdata-wp-on--click=\"actions.closeMenuOnClick\"\n\t\t\t><svg xmlns=\"http:\/\/www.w3.org\/2000\/svg\" viewBox=\"0 0 24 24\" width=\"24\" height=\"24\" aria-hidden=\"true\" focusable=\"false\"><path d=\"m13.06 12 6.47-6.47-1.06-1.06L12 10.94 5.53 4.47 4.47 5.53 10.94 12l-6.47 6.47 1.06 1.06L12 13.06l6.47 6.47 1.06-1.06L13.06 12Z\"><\/path><\/svg><\/button>\n\t\t\t\t\t\t\t<div class=\"wp-block-navigation__responsive-container-content\" \n\t\t\t\tdata-wp-watch=\"callbacks.focusFirstElement\"\n\t\t\t id=\"modal-2-content\">\n\t\t\t\t\t\t\t\t<ul class=\"wp-block-navigation__container is-responsive items-justified-center wp-block-navigation\"><ul class=\"wp-block-page-list\"><li data-wp-context=\"{ &quot;submenuOpenedBy&quot;: { &quot;click&quot;: false, &quot;hover&quot;: false, &quot;focus&quot;: false }, &quot;type&quot;: &quot;submenu&quot;, &quot;modal&quot;: null, &quot;previousFocus&quot;: null }\" data-wp-interactive=\"core\/navigation\" data-wp-on--focusout=\"actions.handleMenuFocusout\" data-wp-on--keydown=\"actions.handleMenuKeydown\" data-wp-on--mouseenter=\"actions.openMenuOnHover\" data-wp-on--mouseleave=\"actions.closeMenuOnHover\" data-wp-watch=\"callbacks.initMenu\" tabindex=\"-1\" class=\"wp-block-pages-list__item has-child wp-block-navigation-item open-on-hover-click menu-item-home\"><a class=\"wp-block-pages-list__item__link wp-block-navigation-item__content\" href=\"https:\/\/www.christinahoerning.dk\/\">Velkommen<\/a><button data-wp-bind--aria-expanded=\"state.isMenuOpen\" data-wp-on--click=\"actions.toggleMenuOnClick\" aria-label=\"Velkommen undermenu\" class=\"wp-block-navigation__submenu-icon wp-block-navigation-submenu__toggle\" ><svg xmlns=\"http:\/\/www.w3.org\/2000\/svg\" width=\"12\" height=\"12\" viewBox=\"0 0 12 12\" fill=\"none\" aria-hidden=\"true\" focusable=\"false\"><path d=\"M1.50002 4L6.00002 8L10.5 4\" stroke-width=\"1.5\"><\/path><\/svg><\/button><ul data-wp-on--focus=\"actions.openMenuOnFocus\" class=\"wp-block-navigation__submenu-container\"><li class=\"wp-block-pages-list__item wp-block-navigation-item open-on-hover-click \"><a class=\"wp-block-pages-list__item__link wp-block-navigation-item__content\" href=\"https:\/\/www.christinahoerning.dk\/index.php\/psykologisk-praksis\/velkommen\/\">&#8211; velkommen &#8211;<\/a><\/li><\/ul><\/li><li class=\"wp-block-pages-list__item wp-block-navigation-item open-on-hover-click\"><a class=\"wp-block-pages-list__item__link wp-block-navigation-item__content\" href=\"https:\/\/www.christinahoerning.dk\/index.php\/terapi\/\">Terapi<\/a><\/li><li class=\"wp-block-pages-list__item wp-block-navigation-item open-on-hover-click\"><a class=\"wp-block-pages-list__item__link wp-block-navigation-item__content\" href=\"https:\/\/www.christinahoerning.dk\/index.php\/om-mig\/\">Om<\/a><\/li><li class=\"wp-block-pages-list__item wp-block-navigation-item open-on-hover-click\"><a class=\"wp-block-pages-list__item__link wp-block-navigation-item__content\" href=\"https:\/\/www.christinahoerning.dk\/index.php\/priser\/\">Priser<\/a><\/li><li class=\"wp-block-pages-list__item wp-block-navigation-item open-on-hover-click\"><a class=\"wp-block-pages-list__item__link wp-block-navigation-item__content\" href=\"https:\/\/www.christinahoerning.dk\/index.php\/kontakt\/\">Kontakt<\/a><\/li><li class=\"wp-block-pages-list__item wp-block-navigation-item open-on-hover-click\"><a class=\"wp-block-pages-list__item__link wp-block-navigation-item__content\" href=\"https:\/\/www.christinahoerning.dk\/index.php\/privatlivspolitik\/\">Privatlivspolitik<\/a><\/li><\/ul><\/ul>\n\t\t\t\t\t\t\t<\/div>\n\t\t\t\t\t\t<\/div>\n\t\t\t\t\t<\/div>\n\t\t\t\t<\/div><\/nav>\n\n\n<div style=\"height:50px\" aria-hidden=\"true\" class=\"wp-block-spacer\"><\/div>\n\n\n\n<p class=\"has-text-align-center\" style=\"font-size:16px\">(C) christina 2024<\/p>\n<\/div>\n<\/div>\n","protected":false},"excerpt":{"rendered":"<p>Christina H\u00f8rning Cand. psych., autoriseret psykolog Medlem af Dansk Psykologforening Velkommen Jeg tilbyder samtaleterapi til voksne. Jeg har mange\u00e5rig erfaring med at arbejde med en r\u00e6kke forskellige konkrete problemstillinger &#8211; se nedenfor &#8211; ligesom jeg har en generel faglig interesse for og terapeutisk erfaring med personligt udviklingsarbejde og hj\u00e6lp til mestring af livsvilk\u00e5r. Et terapeutisk [&hellip;]<\/p>\n","protected":false},"author":1,"featured_media":0,"parent":0,"menu_order":0,"comment_status":"closed","ping_status":"closed","template":"","meta":{"footnotes":""},"class_list":["post-9","page","type-page","status-publish","hentry"],"_links":{"self":[{"href":"https:\/\/www.christinahoerning.dk\/index.php\/wp-json\/wp\/v2\/pages\/9","targetHints":{"allow":["GET"]}}],"collection":[{"href":"https:\/\/www.christinahoerning.dk\/index.php\/wp-json\/wp\/v2\/pages"}],"about":[{"href":"https:\/\/www.christinahoerning.dk\/index.php\/wp-json\/wp\/v2\/types\/page"}],"author":[{"embeddable":true,"href":"https:\/\/www.christinahoerning.dk\/index.php\/wp-json\/wp\/v2\/users\/1"}],"replies":[{"embeddable":true,"href":"https:\/\/www.christinahoerning.dk\/index.php\/wp-json\/wp\/v2\/comments?post=9"}],"version-history":[{"count":146,"href":"https:\/\/www.christinahoerning.dk\/index.php\/wp-json\/wp\/v2\/pages\/9\/revisions"}],"predecessor-version":[{"id":551,"href":"https:\/\/www.christinahoerning.dk\/index.php\/wp-json\/wp\/v2\/pages\/9\/revisions\/551"}],"wp:attachment":[{"href":"https:\/\/www.christinahoerning.dk\/index.php\/wp-json\/wp\/v2\/media?parent=9"}],"curies":[{"name":"wp","href":"https:\/\/api.w.org\/{rel}","templated":true}]}}