{"id":64,"date":"2022-03-31T17:10:46","date_gmt":"2022-03-31T15:10:46","guid":{"rendered":"http:\/\/www.christinahoerning.dk\/?page_id=64"},"modified":"2026-02-10T10:34:32","modified_gmt":"2026-02-10T09:34:32","slug":"terapi","status":"publish","type":"page","link":"https:\/\/www.christinahoerning.dk\/index.php\/terapi\/","title":{"rendered":"Terapi"},"content":{"rendered":"\n<p class=\"has-primary-color has-text-color has-link-color wp-elements-291dbf7688352c25661040767cfeabf1\" style=\"font-style:normal;font-weight:300\">Psykoterapi, her i form af individuel samtaleterapi, er en metode, hvor man gennem samtaler med et andet menneske, som har en faglig baggrund for det, f\u00e5r mulighed for at g\u00e5 ind i et personligt udviklingsarbejde. <\/p>\n\n\n\n<p class=\"has-primary-color has-text-color has-link-color wp-elements-51fc7c22898e66c3c34f871d8a3d7074\" style=\"font-style:normal;font-weight:300\">Gennem arbejdet f\u00e5r man mulighed for at forholde sig til det, der er sv\u00e6rt, og for at skabe nye m\u00e5der at leve mere i overensstemmelse med ens \u00f8nsker og behov.<\/p>\n\n\n\n<p class=\"has-primary-color has-text-color has-link-color wp-elements-bb254a359afb38ad4d14b0a379c8586e\" style=\"font-style:normal;font-weight:300\">Forl\u00f8bet kan v\u00e6re af kortere eller l\u00e6ngere varighed, alt efter hvad problemstillingen og behovet er. <\/p>\n\n\n\n<div style=\"height:10px\" aria-hidden=\"true\" class=\"wp-block-spacer\"><\/div>\n\n\n\n<p class=\"has-primary-color has-text-color has-link-color wp-elements-a2974fc82c440203911f1d4aec324e47\">Om at g\u00e5 i terapi<\/p>\n\n\n\n<p class=\"has-primary-color has-text-color has-link-color wp-elements-98c395c9ec7c0051aa3c929ac15aba4c\" style=\"font-style:normal;font-weight:300\">I den f\u00f8rste samtale vil jeg pr\u00f8ve at f\u00e5 en forst\u00e5else af, hvad der har f\u00e5et dig til at s\u00f8ge hj\u00e6lp og hvad du gerne vil have bliver anderledes. Nogle gange har man et konkret problem, som man gerne vil have l\u00f8st. Andre gange kan man mere have en f\u00f8lelse af, at noget m\u00e5ske bare ikke er helt godt. Begge dele kan v\u00e6re gode udgangspunkter for et terapeutisk arbejde hen mod at f\u00e5 det bedre. Vi vil i den f\u00f8rste samtale sammen pr\u00f8ve at finde et forel\u00f8bigt fokus for det terapeutiske arbejde. Hvis det giver mening, vil vi aftale nogle arbejdspunkter til n\u00e6ste gang, vi m\u00f8des. Vi forholder os i de kommende samtaler l\u00f8bende til, om arbejdet giver mening, og evaluerer i forhold til m\u00e5let undervejs. Nogle gange kan det f\u00f8les tilstr\u00e6kkeligt med nogle f\u00e5 samtaler, mens det andre gange vil opleves meningsfuldt med et l\u00e6ngere forl\u00f8b. <\/p>\n\n\n\n<div style=\"height:10px\" aria-hidden=\"true\" class=\"wp-block-spacer\"><\/div>\n\n\n\n<p class=\"has-primary-color has-text-color has-link-color wp-elements-eaea457960380b1cb41c35699cc6441f\" style=\"font-style:normal;font-weight:400\"><br>Mulige problematikker og erfaringsomr\u00e5der<\/p>\n\n\n\n<div class=\"wp-block-group is-layout-flow wp-block-group-is-layout-flow\">\n<ul class=\"wp-block-list has-primary-color has-text-color has-link-color wp-elements-fbde516bb1e8df5b6c983217ff42033e\">\n<li>livskriser<\/li>\n\n\n\n<li>stress<\/li>\n\n\n\n<li>udbr\u00e6ndthed<\/li>\n\n\n\n<li>depression<\/li>\n\n\n\n<li>angst<\/li>\n\n\n\n<li>selvusikkerhed<\/li>\n\n\n\n<li>lavt selvv\u00e6rd<\/li>\n\n\n\n<li>spiseforstyrrelser<\/li>\n\n\n\n<li>perfektionisme<\/li>\n\n\n\n<li>tab og sorg<\/li>\n\n\n\n<li>ADHD\/ADD<br><\/li>\n<\/ul>\n<\/div>\n\n\n\n<div style=\"height:10px\" aria-hidden=\"true\" class=\"wp-block-spacer\"><\/div>\n\n\n\n<p><\/p>\n\n\n\n<p><\/p>\n\n\n\n<p><\/p>\n\n\n\n<p><\/p>\n\n\n\n<p><\/p>\n\n\n<div class=\"aligncenter wp-block-site-logo\"><a href=\"https:\/\/www.christinahoerning.dk\/\" class=\"custom-logo-link\" rel=\"home\"><img loading=\"lazy\" decoding=\"async\" width=\"62\" height=\"63\" src=\"https:\/\/www.christinahoerning.dk\/wp-content\/uploads\/2022\/03\/visitkort_chris_ny_3..jpg\" class=\"custom-logo\" alt=\"Psykolog Christina H\u00f8rning\" srcset=\"https:\/\/www.christinahoerning.dk\/wp-content\/uploads\/2022\/03\/visitkort_chris_ny_3..jpg 1039w, https:\/\/www.christinahoerning.dk\/wp-content\/uploads\/2022\/03\/visitkort_chris_ny_3.-294x300.jpg 294w, https:\/\/www.christinahoerning.dk\/wp-content\/uploads\/2022\/03\/visitkort_chris_ny_3.-1002x1024.jpg 1002w, https:\/\/www.christinahoerning.dk\/wp-content\/uploads\/2022\/03\/visitkort_chris_ny_3.-150x150.jpg 150w, https:\/\/www.christinahoerning.dk\/wp-content\/uploads\/2022\/03\/visitkort_chris_ny_3.-768x785.jpg 768w\" sizes=\"auto, (max-width: 62px) 100vw, 62px\" \/><\/a><\/div>\n\n\n<p><\/p>\n","protected":false},"excerpt":{"rendered":"<p>Psykoterapi, her i form af individuel samtaleterapi, er en metode, hvor man gennem samtaler med et andet menneske, som har en faglig baggrund for det, f\u00e5r mulighed for at g\u00e5 ind i et personligt udviklingsarbejde. Gennem arbejdet f\u00e5r man mulighed for at forholde sig til det, der er sv\u00e6rt, og for at skabe nye m\u00e5der [&hellip;]<\/p>\n","protected":false},"author":1,"featured_media":0,"parent":0,"menu_order":1,"comment_status":"closed","ping_status":"closed","template":"","meta":{"footnotes":""},"class_list":["post-64","page","type-page","status-publish","hentry"],"_links":{"self":[{"href":"https:\/\/www.christinahoerning.dk\/index.php\/wp-json\/wp\/v2\/pages\/64","targetHints":{"allow":["GET"]}}],"collection":[{"href":"https:\/\/www.christinahoerning.dk\/index.php\/wp-json\/wp\/v2\/pages"}],"about":[{"href":"https:\/\/www.christinahoerning.dk\/index.php\/wp-json\/wp\/v2\/types\/page"}],"author":[{"embeddable":true,"href":"https:\/\/www.christinahoerning.dk\/index.php\/wp-json\/wp\/v2\/users\/1"}],"replies":[{"embeddable":true,"href":"https:\/\/www.christinahoerning.dk\/index.php\/wp-json\/wp\/v2\/comments?post=64"}],"version-history":[{"count":35,"href":"https:\/\/www.christinahoerning.dk\/index.php\/wp-json\/wp\/v2\/pages\/64\/revisions"}],"predecessor-version":[{"id":532,"href":"https:\/\/www.christinahoerning.dk\/index.php\/wp-json\/wp\/v2\/pages\/64\/revisions\/532"}],"wp:attachment":[{"href":"https:\/\/www.christinahoerning.dk\/index.php\/wp-json\/wp\/v2\/media?parent=64"}],"curies":[{"name":"wp","href":"https:\/\/api.w.org\/{rel}","templated":true}]}}