{"id":476,"date":"2024-08-28T14:24:57","date_gmt":"2024-08-28T12:24:57","guid":{"rendered":"http:\/\/www.christinahoerning.dk\/?page_id=476"},"modified":"2024-08-28T15:40:02","modified_gmt":"2024-08-28T13:40:02","slug":"velkommen","status":"publish","type":"page","link":"https:\/\/www.christinahoerning.dk\/index.php\/psykologisk-praksis\/velkommen\/","title":{"rendered":"&#8211; velkommen &#8211;"},"content":{"rendered":"\n<h2 class=\"wp-block-heading\"><\/h2>\n\n\n\n<div style=\"height:0px\" aria-hidden=\"true\" class=\"wp-block-spacer\"><\/div>\n\n\n\n<figure class=\"wp-block-image alignright size-thumbnail is-resized\"><img loading=\"lazy\" decoding=\"async\" width=\"150\" height=\"150\" src=\"http:\/\/www.christinahoerning.dk\/wp-content\/uploads\/2023\/03\/IMG_0671-edited-150x150.jpg\" alt=\"\" class=\"wp-image-337\" style=\"width:122px;height:auto\"\/><\/figure>\n\n\n\n<hr class=\"wp-block-separator has-css-opacity is-style-default\"\/>\n\n\n\n<h1 class=\"wp-block-heading\" style=\"font-size:50px;line-height:0.5\"><sub> <\/sub><\/h1>\n\n\n\n<p><\/p>\n\n\n\n<h4 class=\"wp-block-heading has-primary-color has-text-color has-link-color wp-elements-4a0e3a0077df1ee90474f95f1f337ddf\" style=\"font-size:50px;font-style:normal;font-weight:300;line-height:0.5\"><sub>Christina H\u00f8rning<\/sub><\/h4>\n\n\n\n<p class=\"has-primary-color has-text-color has-link-color has-small-font-size wp-elements-58f0fcc357896f04608724e672eed7cd\" style=\"font-style:normal;font-weight:300\">Cand. psych., autoriseret psykolog<\/p>\n\n\n\n<p><\/p>\n\n\n\n<p class=\"has-primary-color has-text-color has-link-color has-small-font-size wp-elements-eb9ce4957888c7d0d429bca2547625df\" style=\"font-style:normal;font-weight:300\">Medlem af Dansk Psykologforening<\/p>\n\n\n\n<div style=\"height:16px\" aria-hidden=\"true\" class=\"wp-block-spacer\"><\/div>\n\n\n\n<h4 class=\"wp-block-heading\"><\/h4>\n\n\n\n<p class=\"has-medium-font-size\" style=\"font-style:normal;font-weight:300\">Jeg tilbyder samtaleterapi til voksne. Jeg har mange\u00e5rig erfaring med at arbejde med en r\u00e6kke forskellige konkrete problemstillinger &#8211; se nedenfor &#8211; ligesom jeg har en generel faglig interesse for og terapeutisk erfaring med personligt udviklingsarbejde og hj\u00e6lp til mestring af livsvilk\u00e5r.<\/p>\n\n\n\n<div style=\"height:0px\" aria-hidden=\"true\" class=\"wp-block-spacer\"><\/div>\n\n\n\n<div style=\"height:15px\" aria-hidden=\"true\" class=\"wp-block-spacer\"><\/div>\n\n\n\n<p class=\"has-primary-color has-text-color has-link-color has-medium-font-size wp-elements-d4f32cda89653dd8db68bbcf41e22b33\" style=\"font-style:normal;font-weight:300\">Et terapeutisk arbejde vil for eksempel kunne tage udgangspunkt i en eller flere af nedenst\u00e5ende problematikker:  <\/p>\n\n\n\n<p><\/p>\n\n\n\n<div class=\"wp-block-group is-layout-flow wp-container-core-group-is-layout-fb448734 wp-block-group-is-layout-flow\">\n<div class=\"wp-block-group is-layout-flow wp-block-group-is-layout-flow\">\n<ul style=\"font-style:normal;font-weight:400\" class=\"wp-block-list has-primary-color has-text-color has-link-color has-medium-font-size wp-elements-52de553be71523d8725c7999f24fe236\">\n<li>livskriser<\/li>\n\n\n\n<li>stress<\/li>\n\n\n\n<li>udbr\u00e6ndthed<\/li>\n\n\n\n<li>depression<\/li>\n\n\n\n<li>angst<\/li>\n\n\n\n<li style=\"font-style:normal;font-weight:400\">selvusikkerhed<\/li>\n\n\n\n<li>lavt selvv\u00e6rd<\/li>\n\n\n\n<li>spiseforstyrrelser<\/li>\n<\/ul>\n<\/div>\n\n\n\n<ul style=\"font-style:normal;font-weight:400\" class=\"wp-block-list has-primary-color has-text-color has-link-color has-medium-font-size wp-elements-c7ded7da1bdfccacd702ebc6c72177c8\">\n<li>perfektionisme<\/li>\n<\/ul>\n\n\n\n<ul class=\"wp-block-list has-primary-color has-text-color has-link-color has-medium-font-size wp-elements-7449d3211f559bbb1edaeda7288a5c68\">\n<li>tab og sorg<\/li>\n\n\n\n<li>ADHD\/ADD<\/li>\n<\/ul>\n<\/div>\n\n\n\n<div style=\"height:30px\" aria-hidden=\"true\" class=\"wp-block-spacer\"><\/div>\n\n\n\n<div class=\"wp-block-group is-layout-flow wp-block-group-is-layout-flow\">\n<p class=\"has-background-color has-cyan-bluish-gray-background-color has-text-color has-background has-small-font-size\" style=\"font-style:normal;font-weight:400\"><em>Nogle gange oplever vi, at vi ikke kan g\u00f8re det, som vi egentlig godt ved er bedst for os, uanset hvor meget vi fors\u00f8ger.<\/em><\/p>\n\n\n\n<p class=\"has-tertiary-color has-cyan-bluish-gray-background-color has-text-color has-background has-small-font-size\" style=\"font-style:normal;font-weight:400\"><em>Nogle gange kan vi opleve, at en bestemt f\u00f8lelse eller en m\u00e5de at have det p\u00e5 \u2013 at v\u00e6re trist, opgivende, frustreret, at have ondt eller sv\u00e6rt ved at overskue tingene eller finde mening med dem \u2013 bliver ved med at overskygge alt andet, og g\u00f8r det sv\u00e6rt at gl\u00e6des ved noget eller at finde overskud til at pr\u00f8ve at g\u00f8re noget anderledes.<\/em> <\/p>\n\n\n\n<p class=\"has-tertiary-color has-cyan-bluish-gray-background-color has-text-color has-background has-small-font-size\" style=\"font-style:normal;font-weight:400\"><em>Nogle gange bliver vi pludselig ramt af noget, der f\u00e5r os til at miste fodf\u00e6ste i tilv\u00e6relsen og som g\u00f8r det sv\u00e6rt b\u00e5de at v\u00e6re i eller komme videre fra.<\/em><\/p>\n\n\n\n<div class=\"wp-block-group is-layout-flow wp-block-group-is-layout-flow\">\n<p class=\"has-background-color has-cyan-bluish-gray-background-color has-text-color has-background has-small-font-size\" style=\"font-style:normal;font-weight:400\"><em>Og nogle gange f\u00e5r vi selv brudt vores uhensigtsm\u00e6ssige m\u00f8nstre og finder hen til det, vi gerne vil n\u00e5. Eller vi erfarer, at de f\u00f8lelser, der for en tid fyldte det hele, m\u00e5ske hang sammen med et konkret problem, som siden blev l\u00f8st. Eller vi kommer med tiden igen p\u00e5 mere sikker grund efter de rystelser, som vi alle kommer ud for i livet.&nbsp;<\/em><\/p>\n<\/div>\n\n\n\n<p class=\"has-tertiary-color has-cyan-bluish-gray-background-color has-text-color has-background has-link-color has-small-font-size wp-elements-100078d155cef16706d9577a438e07b6\" style=\"font-style:normal;font-weight:400\"><em>Andre gange kan <a href=\"http:\/\/www.christinahoerning.dk\/index.php\/terapi\/\" data-type=\"page\" data-id=\"64\">terapi<\/a> v\u00e6re en m\u00e5de at f\u00e5 hj\u00e6lp til at skabe den forandring, som man har brug for, for at f\u00e5 det bedre.<\/em><\/p>\n<\/div>\n\n\n\n<p><\/p>\n\n\n\n<div style=\"height:20px\" aria-hidden=\"true\" class=\"wp-block-spacer\"><\/div>\n\n\n\n<p class=\"has-primary-color has-text-color has-link-color has-medium-font-size wp-elements-e658c5c12c4323a5db1564a0d043db93\" style=\"font-style:normal;font-weight:300\">Du er meget velkommen til at kontakte mig for at h\u00f8re n\u00e6rmere.<\/p>\n\n\n\n<p class=\"has-primary-color has-text-color has-link-color wp-elements-565eb41540c5fd13cf823ca472befad5\" style=\"font-style:normal;font-weight:300\"><br>Du kan ringe p\u00e5 telefon 50 92 40 20. Hvis du ikke tr\u00e6ffer mig, vil jeg ringe dig op snarest muligt. <\/p>\n\n\n\n<p class=\"has-primary-color has-text-color has-link-color wp-elements-fa4130c4c19a91e24448bd7cad5bd54b\" style=\"font-style:normal;font-weight:300\">Eller send en mail til <a href=\"mailto:kontakt@christinahoerning.dk\">kontakt@christinahoerning.dk<\/a>  hvis du \u00f8nsker, at jeg ringer dig op. Send ikke personf\u00f8lsomme oplysninger per mail af hensyn til din digitale sikkerhed.<\/p>\n\n\n\n<p class=\"has-primary-color has-text-color has-link-color wp-elements-d6799f7969096ffd25a75fcca884556e\" style=\"font-style:normal;font-weight:300\">Min praksis har ikke overenskomst med sygesikringen.<\/p>\n\n\n\n<p class=\"has-primary-color has-text-color has-link-color wp-elements-16e65aa6cdff3bf9cab596bfc020b18e\" style=\"font-style:normal;font-weight:300\">CVR 42985651<\/p>\n\n\n\n<div style=\"height:2px\" aria-hidden=\"true\" class=\"wp-block-spacer\"><\/div>\n\n\n\n<figure class=\"wp-block-image size-large\"><img loading=\"lazy\" decoding=\"async\" width=\"1024\" height=\"683\" src=\"http:\/\/www.christinahoerning.dk\/wp-content\/uploads\/2024\/02\/275A2230-2-1024x683.jpg\" alt=\"\" class=\"wp-image-405\" srcset=\"https:\/\/www.christinahoerning.dk\/wp-content\/uploads\/2024\/02\/275A2230-2-1024x683.jpg 1024w, https:\/\/www.christinahoerning.dk\/wp-content\/uploads\/2024\/02\/275A2230-2-300x200.jpg 300w, https:\/\/www.christinahoerning.dk\/wp-content\/uploads\/2024\/02\/275A2230-2-768x512.jpg 768w, https:\/\/www.christinahoerning.dk\/wp-content\/uploads\/2024\/02\/275A2230-2-1536x1024.jpg 1536w, https:\/\/www.christinahoerning.dk\/wp-content\/uploads\/2024\/02\/275A2230-2-2048x1365.jpg 2048w\" sizes=\"auto, (max-width: 1024px) 100vw, 1024px\" \/><\/figure>\n\n\n\n<figure class=\"wp-block-image alignright size-full is-resized\"><img loading=\"lazy\" decoding=\"async\" width=\"119\" height=\"40\" src=\"http:\/\/www.christinahoerning.dk\/wp-content\/uploads\/2022\/03\/dp-logo.jpg\" alt=\"\" class=\"wp-image-12\"\/><\/figure>\n\n\n\n<div class=\"wp-block-group is-layout-flow wp-block-group-is-layout-flow\">\n<p class=\"has-text-align-center has-tertiary-background-color has-background has-medium-font-size\" style=\"font-style:normal;font-weight:300\">                             Medlem af Dansk Psykolog Forening<\/p>\n\n\n\n<div style=\"height:70px\" aria-hidden=\"true\" class=\"wp-block-spacer\"><\/div>\n<\/div>\n\n\n\n<p><\/p>\n\n\n","protected":false},"excerpt":{"rendered":"<p>Christina H\u00f8rning Cand. psych., autoriseret psykolog Medlem af Dansk Psykologforening Jeg tilbyder samtaleterapi til voksne. Jeg har mange\u00e5rig erfaring med at arbejde med en r\u00e6kke forskellige konkrete problemstillinger &#8211; se nedenfor &#8211; ligesom jeg har en generel faglig interesse for og terapeutisk erfaring med personligt udviklingsarbejde og hj\u00e6lp til mestring af livsvilk\u00e5r. Et terapeutisk arbejde [&hellip;]<\/p>\n","protected":false},"author":1,"featured_media":0,"parent":9,"menu_order":0,"comment_status":"closed","ping_status":"closed","template":"page-no-separators","meta":{"footnotes":""},"class_list":["post-476","page","type-page","status-publish","hentry"],"_links":{"self":[{"href":"https:\/\/www.christinahoerning.dk\/index.php\/wp-json\/wp\/v2\/pages\/476","targetHints":{"allow":["GET"]}}],"collection":[{"href":"https:\/\/www.christinahoerning.dk\/index.php\/wp-json\/wp\/v2\/pages"}],"about":[{"href":"https:\/\/www.christinahoerning.dk\/index.php\/wp-json\/wp\/v2\/types\/page"}],"author":[{"embeddable":true,"href":"https:\/\/www.christinahoerning.dk\/index.php\/wp-json\/wp\/v2\/users\/1"}],"replies":[{"embeddable":true,"href":"https:\/\/www.christinahoerning.dk\/index.php\/wp-json\/wp\/v2\/comments?post=476"}],"version-history":[{"count":13,"href":"https:\/\/www.christinahoerning.dk\/index.php\/wp-json\/wp\/v2\/pages\/476\/revisions"}],"predecessor-version":[{"id":514,"href":"https:\/\/www.christinahoerning.dk\/index.php\/wp-json\/wp\/v2\/pages\/476\/revisions\/514"}],"up":[{"embeddable":true,"href":"https:\/\/www.christinahoerning.dk\/index.php\/wp-json\/wp\/v2\/pages\/9"}],"wp:attachment":[{"href":"https:\/\/www.christinahoerning.dk\/index.php\/wp-json\/wp\/v2\/media?parent=476"}],"curies":[{"name":"wp","href":"https:\/\/api.w.org\/{rel}","templated":true}]}}