{"id":362,"date":"2023-12-04T20:17:16","date_gmt":"2023-12-04T19:17:16","guid":{"rendered":"http:\/\/www.christinahoerning.dk\/?page_id=362"},"modified":"2026-02-10T11:07:23","modified_gmt":"2026-02-10T10:07:23","slug":"privatlivspolitik","status":"publish","type":"page","link":"https:\/\/www.christinahoerning.dk\/index.php\/privatlivspolitik\/","title":{"rendered":"Privatlivspolitik"},"content":{"rendered":"\n<p class=\"has-small-font-size\"><strong>Privatlivspolitik<\/strong> for&nbsp;Psykolog Christina H\u00f8rning&nbsp;<\/p>\n\n\n\n<p class=\"has-small-font-size\"><strong>Tavshedspligt<\/strong><\/p>\n\n\n\n<p>Jeg har tavshedspligt. Jeg m\u00e5 kun videregive informationer til eventuelle samarbejdspartnere med samtykke fra dig.&nbsp;<\/p>\n\n\n\n<p><strong>Journalf\u00f8ringspligt<\/strong><\/p>\n\n\n\n<p>Jeg har som psykolog pligt til at f\u00f8re journal over det indhold af samtalerne, der vurderes at v\u00e6re relevant for at god behandling kan p\u00e5g\u00e5 samt for varetagelsen af de n\u00f8dvendige administrative funktioner. Journalen opbevares p\u00e5 sikker vis.<\/p>\n\n\n\n<p><strong>Oplysnings- og underretningspligt&nbsp;<\/strong><\/p>\n\n\n\n<p>Jeg har pligt til at bryde min tavshedspligt, hvis jeg vurderer, at der er alvorlig risiko for at du eller andre er i fare eller kan komme til skade.<\/p>\n\n\n\n<p>Jeg har pligt til at underrette kommunen, hvis jeg er bekymret for et barns trivsel.&nbsp;<\/p>\n\n\n\n<p><strong>H\u00e5ndtering af data<\/strong><\/p>\n\n\n\n<p>Dataforordningsloven som tr\u00e5dte i kraft pr. 25.05.18 betyder sk\u00e6rpede forholdsregler for alle virksomheder som h\u00e5ndterer personf\u00f8lsomme oplysninger. Dataforordningsloven kr\u00e6ver at du oplyses om nedenst\u00e5ende oplysninger:&nbsp;<\/p>\n\n\n\n<p>Du ejer dine personlige oplysninger, og skal give samtykke til hvem og hvad de skal bruges til.<\/p>\n\n\n\n<p><strong>Behandling af dine oplysninger<\/strong><\/p>\n\n\n\n<p>Jeg&nbsp;er, i forbindelse med psykologisk behandling af dig, som dataansvarlig forpligtet til at indsamle og behandle en r\u00e6kke personoplysninger om dig, jf. Psykologloven og Bekendtg\u00f8relse om ordnede optegnelser for psykologer.<\/p>\n\n\n\n<p>Denne privatlivspolitik beskriver, hvordan&nbsp;jeg&nbsp;i den forbindelse bruger og i nogle tilf\u00e6lde videregiver dine personoplysninger.&nbsp;<\/p>\n\n\n\n<p><strong>Typer af oplysninger&nbsp;<\/strong><\/p>\n\n\n\n<p>Psykolog Christina H\u00f8rning&nbsp;indsamler og behandler f\u00f8lgende typer af personoplysninger om dig (i det omfang det er relevant for netop dig):<\/p>\n\n\n\n<p><em>Almindelige kategorier af personoplysninger:&nbsp;<\/em><\/p>\n\n\n\n<p>Navn,&nbsp;adresse, e-mailadresse, telefonnummer,&nbsp;evt.&nbsp;personnummer, k\u00f8n, familierelationer og sociale relationer, arbejdsrelationer og uddannelse.&nbsp;<\/p>\n\n\n\n<p><em>S\u00e6rlige kategorier af personoplysninger (\u201df\u00f8lsomme personoplysninger\u201d):&nbsp;<\/em><\/p>\n\n\n\n<p>Helbredsoplysninger<\/p>\n\n\n\n<p><strong>Form\u00e5l<\/strong><\/p>\n\n\n\n<p>Jeg behandler dine personoplysninger til f\u00f8lgende form\u00e5l:<\/p>\n\n\n\n<ul class=\"wp-block-list\">\n<li>Min behandling af dig<\/li>\n\n\n\n<li>Udarbejdelse af attester til brug for myndigheder, forsikringsselskaber mv.<\/li>\n\n\n\n<li>Kommunikation med andre sundhedspersoner, l\u00e6ger eller sygehuse&nbsp;<\/li>\n\n\n\n<li>Indberetning til kliniske kvalitetsdatabaser<\/li>\n\n\n\n<li>Afregningsform\u00e5l<\/li>\n<\/ul>\n\n\n\n<p>Overholdelse af vores forpligtelser i henhold til g\u00e6ldende lovgivning, herunder EU\u2019s databeskyttelsesforordning, databeskyttelsesloven og anden relevant sundhedsretlig lovgivning, f.eks.<\/p>\n\n\n\n<p>&#8211; Dokumentationspligt<\/p>\n\n\n\n<p>&#8211; Overholdelse af basale principper for behandling af personoplysninger og juridisk hjemmel for behandlingen&nbsp;<\/p>\n\n\n\n<p>&#8211; Iv\u00e6rks\u00e6ttelse og vedligeholdelse af tekniske og organisatoriske sikkerhedsforanstaltninger, herunder men ikke begr\u00e6nset til at hindre uautoriseret adgang til systemer og oplysninger, hindre modtagelse eller distribution af ondsindet kode, standsning af overbelastningsangreb (denial-of- service-angreb) og beskadigelser af computersystemer og elektroniske kommunikationssystemer&nbsp;<\/p>\n\n\n\n<p>&#8211; Unders\u00f8gelse af mistanke eller viden om sikkerhedsbrud og rapportering til individer og myndigheder<\/p>\n\n\n\n<p>&#8211; H\u00e5ndtering af foresp\u00f8rgsler og klager fra registrerede og andre<\/p>\n\n\n\n<p>&#8211; H\u00e5ndtering af inspektioner og foresp\u00f8rgsler fra tilsynsmyndigheder<\/p>\n\n\n\n<p>&#8211; H\u00e5ndtering af tvister med registrerede og tredjeparter.<\/p>\n\n\n\n<p>&#8211; Statistiske unders\u00f8gelser og videnskabelig forskning<\/p>\n\n\n\n<p><strong>Frivillighed<\/strong><\/p>\n\n\n\n<p>N\u00e5r jeg indsamler personoplysninger direkte fra dig, giver du personoplysningerne frivilligt. Du er ikke forpligtet til at give disse personoplysninger til mig. Konsekvensen af ikke at give mig personoplysningerne vil v\u00e6re, at jeg ikke kan varetage form\u00e5lene ovenfor, herunder at jeg ikke vil kunne behandle dig.<\/p>\n\n\n\n<p><strong>Videregivelse af personoplysninger<\/strong><\/p>\n\n\n\n<p>I det omfang det er n\u00f8dvendigt for den konkrete behandling af dig, vil dine personoplysninger blive videregivet og delt med f\u00f8lgende modtagere:<\/p>\n\n\n\n<ul class=\"wp-block-list\">\n<li>Der videregives oplysninger til andre sundhedspersoner, hvis det er n\u00f8dvendigt af hensyn til et aktuelt behandlingsforl\u00f8b.<\/li>\n\n\n\n<li>Der videregives oplysninger til RKKP (kliniske kvalitetsdatabaser), Styrelsen for Patientsikkerhed, Psykologn\u00e6vnet, Arbejdsmarkedets Erhvervssikring, i det omfang, at der foreligger en pligt hertil if\u00f8lge g\u00e6ldende lovgivning.<\/li>\n\n\n\n<li>Du har som patient adgang til dine egne oplysninger (indsigtsret).<\/li>\n\n\n\n<li>Ved indberetning af oplysninger i forbindelse med afregning for patientbehandling videregives oplysninger til de regionale afregningskontorer.<\/li>\n\n\n\n<li>Ved indberetning til kliniske kvalitetsdatabaser.<\/li>\n\n\n\n<li>I andre tilf\u00e6lde, og s\u00e5fremt der foreligger samtykke, videregives oplysninger til forsikringsselskaber.<\/li>\n<\/ul>\n\n\n\n<p>Det juridiske grundlag for at indsamle, behandle og videregive dine personoplysninger er:&nbsp;<\/p>\n\n\n\n<ul class=\"wp-block-list\">\n<li>Til brug for den almindelige patientbehandling indsamles, behandles og videregives almindelige personoplysninger i medf\u00f8r af databeskyttelsesforordningens artikel 6(1)(c) og (d), mens de f\u00f8lsomme personoplysninger indsamles, behandles og videregives i medf\u00f8r af databeskyttelsesforordningens artikel 9(2)(c) og (h).&nbsp;<\/li>\n\n\n\n<li>Herudover er vi forpligtet til at behandle en r\u00e6kke personoplysninger om dig ved den almindelige patientbehandling i medf\u00f8r af Psykologloven samt Bekendtg\u00f8relse om psykologers pligt til at f\u00f8re ordnede optegnelser.<\/li>\n\n\n\n<li>Oplysninger til brug for afregning for patientbehandling fremsendes en gang pr. m\u00e5ned til regionens afregningskontor efter reglerne i Overenskomst om Psykologhj\u00e6lp af Juli 2016&nbsp;<\/li>\n\n\n\n<li>Dine personoplysninger videregives alene til forsikringsselskaber med dit forudg\u00e5ende samtykke, jf. databeskyttelsesforordningens artikel 6(1)(a) og 9(2)(a).&nbsp;<\/li>\n<\/ul>\n\n\n\n<p><strong>Tilbagekaldelse af samtykke.&nbsp;<\/strong>Hvis behandlingen af dine personoplysninger er baseret p\u00e5 samtykke, har du ret til at tilbagekalde samtykket. Hvis du tilbagekalder samtykket, p\u00e5virker det ikke behandlingen forud for tilbagekaldelse af samtykket, herunder en videregivelse baseret p\u00e5 samtykke.<\/p>\n\n\n\n<p><strong>Brug af databehandlere<\/strong><\/p>\n\n\n\n<p>Dine personoplysninger behandles og opbevares hos min databehandler, som opbevarer dem p\u00e5 vegne af og efter instruks fra mig. Mine databehandlere er p.t.:<\/p>\n\n\n\n<p>&#8211; Terapeut Booking<\/p>\n\n\n\n<p>&#8211; Onlinebooq<\/p>\n\n\n\n<p><\/p>\n\n\n\n<p><strong>Opbevaring og slettepolitik<\/strong><\/p>\n\n\n\n<p>Jeg opbevarer personoplysninger om dig, s\u00e5 l\u00e6nge vi har behov for at varetage de overfor angivne form\u00e5l. Jeg har dog i henhold til journalf\u00f8ringsbekendtg\u00f8relsen \u00a7 15 pligt til at opbevare disse i minimum 10 \u00e5r efter seneste tilf\u00f8rsel til journalen. Der kan opst\u00e5 tilf\u00e6lde, hvor jeg er n\u00f8dsaget til at opbevare dine personoplysninger i l\u00e6ngere tid, f.eks. i forbindelse med en klagesag eller erstatningssag, hvor oplysninger i s\u00e5 fald vil blive opbevaret, indtil sagen er endeligt afsluttet.<\/p>\n\n\n\n<p><strong>Dine rettigheder<\/strong><\/p>\n\n\n\n<p>Du har \u2013 med lovens begr\u00e6nsninger &#8211; visse rettigheder, herunder retten til indsigt i personoplysninger, retten til at f\u00e5 \u00e6ndret ukorrekte oplysninger, retten til at f\u00e5 slettet oplysninger, retten til at f\u00e5 begr\u00e6nset oplysninger, retten til dataportabilitet, retten til at g\u00f8re indsigelse mod behandlingen af personoplysningerne, herunder ift. automatiseret, individuel beslutningstagning (\u201dprofilering\u201d).&nbsp;<\/p>\n\n\n\n<p>I forhold til sletning er denne rettighed dog modificeret af Bekendtg\u00f8relse om psykologers pligt at f\u00f8re ordner optegnelse, som bestemmer, at der ikke m\u00e5 ske sletning i patientjournaler, men alene rettelse, tilf\u00f8jelse.<\/p>\n\n\n\n<p>Du har ogs\u00e5 ret til at klage til en kompetent tilsynsmyndighed, herunder Datatilsynet.<\/p>\n\n\n\n<p><strong>Cookies<\/strong><\/p>\n\n\n\n<p>Min hjemmeside benytter ikke cookies.<\/p>\n\n\n\n<p><strong>Kontakt<\/strong><\/p>\n\n\n\n<p>Hvis du har sp\u00f8rgsm\u00e5l vedr\u00f8rende behandlingen af dine personoplysninger eller udnyttelsen af dine rettigheder, er du velkommen til at kontakte mig p\u00e5&nbsp;mail&nbsp;<a>kontakt@christinahoerning.dk<\/a>&nbsp;eller telefon 50 92 40 20.&nbsp;<\/p>\n\n\n\n<p>Psykolog Christina H\u00f8rning<\/p>\n\n\n\n<p>Ryesgade 28, 1. tv.<\/p>\n\n\n\n<p>8000 Aarhus C<\/p>\n\n\n\n<p>Danmark<\/p>\n\n\n\n<p>Cvr 42985651<\/p>\n\n\n\n<p>Senest opdateret 10.02.2026<\/p>\n","protected":false},"excerpt":{"rendered":"<p>Privatlivspolitik for&nbsp;Psykolog Christina H\u00f8rning&nbsp; Tavshedspligt Jeg har tavshedspligt. Jeg m\u00e5 kun videregive informationer til eventuelle samarbejdspartnere med samtykke fra dig.&nbsp; Journalf\u00f8ringspligt Jeg har som psykolog pligt til at f\u00f8re journal over det indhold af samtalerne, der vurderes at v\u00e6re relevant for at god behandling kan p\u00e5g\u00e5 samt for varetagelsen af de n\u00f8dvendige administrative funktioner. Journalen [&hellip;]<\/p>\n","protected":false},"author":1,"featured_media":0,"parent":0,"menu_order":7,"comment_status":"closed","ping_status":"closed","template":"","meta":{"footnotes":""},"class_list":["post-362","page","type-page","status-publish","hentry"],"_links":{"self":[{"href":"https:\/\/www.christinahoerning.dk\/index.php\/wp-json\/wp\/v2\/pages\/362","targetHints":{"allow":["GET"]}}],"collection":[{"href":"https:\/\/www.christinahoerning.dk\/index.php\/wp-json\/wp\/v2\/pages"}],"about":[{"href":"https:\/\/www.christinahoerning.dk\/index.php\/wp-json\/wp\/v2\/types\/page"}],"author":[{"embeddable":true,"href":"https:\/\/www.christinahoerning.dk\/index.php\/wp-json\/wp\/v2\/users\/1"}],"replies":[{"embeddable":true,"href":"https:\/\/www.christinahoerning.dk\/index.php\/wp-json\/wp\/v2\/comments?post=362"}],"version-history":[{"count":6,"href":"https:\/\/www.christinahoerning.dk\/index.php\/wp-json\/wp\/v2\/pages\/362\/revisions"}],"predecessor-version":[{"id":545,"href":"https:\/\/www.christinahoerning.dk\/index.php\/wp-json\/wp\/v2\/pages\/362\/revisions\/545"}],"wp:attachment":[{"href":"https:\/\/www.christinahoerning.dk\/index.php\/wp-json\/wp\/v2\/media?parent=362"}],"curies":[{"name":"wp","href":"https:\/\/api.w.org\/{rel}","templated":true}]}}