{"id":30,"date":"2022-03-30T18:22:11","date_gmt":"2022-03-30T16:22:11","guid":{"rendered":"http:\/\/www.christinahoerning.dk\/?page_id=30"},"modified":"2026-02-10T11:00:11","modified_gmt":"2026-02-10T10:00:11","slug":"priser","status":"publish","type":"page","link":"https:\/\/www.christinahoerning.dk\/index.php\/priser\/","title":{"rendered":"Priser"},"content":{"rendered":"\n<div class=\"wp-block-columns is-layout-flex wp-container-core-columns-is-layout-28f84493 wp-block-columns-is-layout-flex\">\n<div class=\"wp-block-column is-layout-flow wp-block-column-is-layout-flow\" style=\"flex-basis:50%\">\n<p>Individuel psykoterapi, 60 minutter                                            <\/p>\n<\/div>\n\n\n\n<div class=\"wp-block-column is-layout-flow wp-block-column-is-layout-flow\" style=\"flex-basis:50%\">\n<p class=\"has-text-align-right\" style=\"font-style:normal;font-weight:300\">1050 kr<\/p>\n<\/div>\n<\/div>\n\n\n\n<p>Muligheder for tilskud<\/p>\n\n\n\n<p style=\"font-style:normal;font-weight:300\">Hvis du er medlem af <a rel=\"noreferrer noopener\" href=\"https:\/\/www.sygeforsikring.dk\/\" target=\"_blank\">Sygeforsikringen \u201ddanmark\u201d<\/a> kan der s\u00f8ges tilskud til psykologbehandling.<\/p>\n\n\n\n<p style=\"font-style:normal;font-weight:300\">Hvis du har tegnet en privat sundhedsforsikring eller hvis du er omfattet af din arbejdsgivers, kan der ogs\u00e5 her v\u00e6re mulighed for tilskud til eller d\u00e6kning af psykologbehandling.<\/p>\n\n\n\n<p><\/p>\n\n\n\n<p style=\"font-style:normal;font-weight:400\">Afbud<\/p>\n\n\n\n<p style=\"font-style:normal;font-weight:300\">Hvis du bliver forhindret i at komme til den aftalte tid, bedes du<br>give besked hurtigst muligt, enten per SMS til 50 92 40 20 eller email <a class=\"\" href=\"mailto:kontakt@christinahoerning.dk\">kontakt@christinahoerning.dk<\/a> &#8211; og senest kl. 8.00 p\u00e5 dagen. Ved senere afbud eller udeblivelse betales der fuld takst for sessionen.<\/p>\n\n\n\n<div style=\"height:20px\" aria-hidden=\"true\" class=\"wp-block-spacer\"><\/div>\n\n\n\n<p>Betalingsmuligheder<\/p>\n\n\n\n<p style=\"font-style:normal;font-weight:300\">Betaling via overf\u00f8rsel til netbank eller kontant.<\/p>\n\n\n\n<p style=\"font-style:normal;font-weight:300\">Netbank: <\/p>\n\n\n\n<p style=\"font-style:normal;font-weight:300\">Reg.nr.: 0400 Kontonr.: 4028406539<\/p>\n\n\n\n<figure class=\"wp-block-gallery has-nested-images columns-default is-cropped wp-block-gallery-1 is-layout-flex wp-block-gallery-is-layout-flex\"><\/figure>\n","protected":false},"excerpt":{"rendered":"<p>Individuel psykoterapi, 60 minutter 1050 kr Muligheder for tilskud Hvis du er medlem af Sygeforsikringen \u201ddanmark\u201d kan der s\u00f8ges tilskud til psykologbehandling. Hvis du har tegnet en privat sundhedsforsikring eller hvis du er omfattet af din arbejdsgivers, kan der ogs\u00e5 her v\u00e6re mulighed for tilskud til eller d\u00e6kning af psykologbehandling. Afbud Hvis du bliver forhindret [&hellip;]<\/p>\n","protected":false},"author":1,"featured_media":0,"parent":0,"menu_order":3,"comment_status":"closed","ping_status":"closed","template":"","meta":{"footnotes":""},"class_list":["post-30","page","type-page","status-publish","hentry"],"_links":{"self":[{"href":"https:\/\/www.christinahoerning.dk\/index.php\/wp-json\/wp\/v2\/pages\/30","targetHints":{"allow":["GET"]}}],"collection":[{"href":"https:\/\/www.christinahoerning.dk\/index.php\/wp-json\/wp\/v2\/pages"}],"about":[{"href":"https:\/\/www.christinahoerning.dk\/index.php\/wp-json\/wp\/v2\/types\/page"}],"author":[{"embeddable":true,"href":"https:\/\/www.christinahoerning.dk\/index.php\/wp-json\/wp\/v2\/users\/1"}],"replies":[{"embeddable":true,"href":"https:\/\/www.christinahoerning.dk\/index.php\/wp-json\/wp\/v2\/comments?post=30"}],"version-history":[{"count":15,"href":"https:\/\/www.christinahoerning.dk\/index.php\/wp-json\/wp\/v2\/pages\/30\/revisions"}],"predecessor-version":[{"id":543,"href":"https:\/\/www.christinahoerning.dk\/index.php\/wp-json\/wp\/v2\/pages\/30\/revisions\/543"}],"wp:attachment":[{"href":"https:\/\/www.christinahoerning.dk\/index.php\/wp-json\/wp\/v2\/media?parent=30"}],"curies":[{"name":"wp","href":"https:\/\/api.w.org\/{rel}","templated":true}]}}