{"id":25,"date":"2022-03-30T18:05:25","date_gmt":"2022-03-30T16:05:25","guid":{"rendered":"http:\/\/www.christinahoerning.dk\/?page_id=25"},"modified":"2023-04-02T16:27:00","modified_gmt":"2023-04-02T14:27:00","slug":"om-mig","status":"publish","type":"page","link":"https:\/\/www.christinahoerning.dk\/index.php\/om-mig\/","title":{"rendered":"Om"},"content":{"rendered":"\n<p style=\"font-style:normal;font-weight:300\">Jeg er uddannet ved Aarhus Universitet og autoriseret psykolog ved Dansk Psykologn\u00e6vn. Jeg har mange\u00e5rig erfaring med psykoterapeutisk arbejde med s\u00e5vel almenmenneskelige problematikker som en r\u00e6kke psykiatriske lidelser. <\/p>\n\n\n\n<p style=\"font-style:normal;font-weight:300\">Jeg opdaterer l\u00f8bende min viden og udvikler min praksis gennem supervision og kurser.<\/p>\n\n\n\n<div style=\"height:30px\" aria-hidden=\"true\" class=\"wp-block-spacer\"><\/div>\n\n\n\n<p>Metode og menneskesyn<\/p>\n\n\n\n<p style=\"font-style:normal;font-weight:300\">Jeg arbejder indenfor en psykodynamisk forst\u00e5elsesramme af menneskers m\u00e5de at udvikle sig og relatere sig til hinanden p\u00e5. Min tilgang i terapien grunder i den humanistiske psykologi, hvor menneskets oplevelse, s\u00f8gen efter mening og iboende potentiale for v\u00e6kst og udvikling er i fokus. N\u00e5r det er relevant for opgaven, har jeg gode erfaringer med at tr\u00e6kke p\u00e5 redskaber fra kognitiv adf\u00e6rdsterapi.<\/p>\n\n\n\n<div style=\"height:30px\" aria-hidden=\"true\" class=\"wp-block-spacer\"><\/div>\n\n\n\n<p style=\"font-style:normal;font-weight:400\">Lovgivning<\/p>\n\n\n\n<p style=\"font-style:normal;font-weight:300\">Som psykolog er jeg underlagt psykologloven, ligesom jeg arbejder ud fra de etiske principper for nordiske psykologer. Dette betyder blandt andet, at jeg har tavshedspligt og at der stilles en r\u00e6kke krav til kvaliteten og udviklingen af mit arbejde.<\/p>\n\n\n\n<p><\/p>\n\n\n\n<p>Uddannelse<\/p>\n\n\n\n<p><\/p>\n\n\n\n<ul class=\"wp-block-list\">\n<li>Uddannet cand.psych. fra Aarhus Universitet 2002<\/li>\n<\/ul>\n\n\n\n<ul class=\"wp-block-list\">\n<li>Autoriseret psykolog af Psykologn\u00e6vnet 2005<\/li>\n<\/ul>\n\n\n\n<ul class=\"wp-block-list\">\n<li>To-\u00e5rig terapeutisk videreuddannelse ved Akademi for Integrerende Psykoterapi 2011<\/li>\n<\/ul>\n\n\n\n<div style=\"height:30px\" aria-hidden=\"true\" class=\"wp-block-spacer\"><\/div>\n\n\n\n<p>Erfaring<\/p>\n\n\n\n<ul class=\"wp-block-list\">\n<li>B\u00f8rne \u2013 og Ungdomspsykiatrisk Afdeling, Aalborg Universitetshospital 2002 \u2013 05<\/li>\n<\/ul>\n\n\n\n<ul class=\"wp-block-list\">\n<li>Psykiatrisk Klinik for Spiseforstyrrelser, Aarhus Universitetshospital 2005 \u2013 2022<\/li>\n<\/ul>\n\n\n\n<ul class=\"wp-block-list\">\n<li>Privatpraktiserende psykolog 2022<\/li>\n<\/ul>\n\n\n\n<div style=\"height:30px\" aria-hidden=\"true\" class=\"wp-block-spacer\"><\/div>\n\n\n\n<p>Medlemskaber<\/p>\n\n\n\n<p style=\"font-style:normal;font-weight:300\">Dansk Psykolog Forening<\/p>\n\n\n\n<p style=\"font-style:normal;font-weight:300\">Dansk Selskab for Spiseforstyrrelser<\/p>\n\n\n\n<p style=\"font-style:normal;font-weight:300\">Dansk Psykoterapeutisk Selskab for Psykologer&nbsp;<\/p>\n\n\n\n<p style=\"font-style:normal;font-weight:300\">Akademi for Integrerende Psykoterapi (AIP)<\/p>\n\n\n\n<p><\/p>\n","protected":false},"excerpt":{"rendered":"<p>Jeg er uddannet ved Aarhus Universitet og autoriseret psykolog ved Dansk Psykologn\u00e6vn. Jeg har mange\u00e5rig erfaring med psykoterapeutisk arbejde med s\u00e5vel almenmenneskelige problematikker som en r\u00e6kke psykiatriske lidelser. Jeg opdaterer l\u00f8bende min viden og udvikler min praksis gennem supervision og kurser. Metode og menneskesyn Jeg arbejder indenfor en psykodynamisk forst\u00e5elsesramme af menneskers m\u00e5de at udvikle [&hellip;]<\/p>\n","protected":false},"author":1,"featured_media":0,"parent":0,"menu_order":2,"comment_status":"closed","ping_status":"closed","template":"","meta":{"footnotes":""},"class_list":["post-25","page","type-page","status-publish","hentry"],"_links":{"self":[{"href":"https:\/\/www.christinahoerning.dk\/index.php\/wp-json\/wp\/v2\/pages\/25","targetHints":{"allow":["GET"]}}],"collection":[{"href":"https:\/\/www.christinahoerning.dk\/index.php\/wp-json\/wp\/v2\/pages"}],"about":[{"href":"https:\/\/www.christinahoerning.dk\/index.php\/wp-json\/wp\/v2\/types\/page"}],"author":[{"embeddable":true,"href":"https:\/\/www.christinahoerning.dk\/index.php\/wp-json\/wp\/v2\/users\/1"}],"replies":[{"embeddable":true,"href":"https:\/\/www.christinahoerning.dk\/index.php\/wp-json\/wp\/v2\/comments?post=25"}],"version-history":[{"count":15,"href":"https:\/\/www.christinahoerning.dk\/index.php\/wp-json\/wp\/v2\/pages\/25\/revisions"}],"predecessor-version":[{"id":350,"href":"https:\/\/www.christinahoerning.dk\/index.php\/wp-json\/wp\/v2\/pages\/25\/revisions\/350"}],"wp:attachment":[{"href":"https:\/\/www.christinahoerning.dk\/index.php\/wp-json\/wp\/v2\/media?parent=25"}],"curies":[{"name":"wp","href":"https:\/\/api.w.org\/{rel}","templated":true}]}}